

{"id":14,"date":"2020-08-19T13:03:00","date_gmt":"2020-08-19T10:03:00","guid":{"rendered":"http:\/\/www.rivadanismanlik.com\/en\/?page_id=14"},"modified":"2020-08-22T15:29:51","modified_gmt":"2020-08-22T12:29:51","slug":"contact","status":"publish","type":"page","link":"https:\/\/www.rivadanismanlik.com\/en\/contact\/","title":{"rendered":"Contact Us"},"content":{"rendered":"\n<div class=\"wp-block-columns is-layout-flex wp-container-3\">\n<div class=\"wp-block-column is-layout-flow\" style=\"flex-basis:33.33%\"><div role=\"form\" class=\"wpcf7\" id=\"wpcf7-f4-o1\" lang=\"en-GB\" dir=\"ltr\">\n<div class=\"screen-reader-response\" role=\"alert\" aria-live=\"polite\"><\/div>\n<form action=\"\/en\/wp-json\/wp\/v2\/pages\/14#wpcf7-f4-o1\" method=\"post\" class=\"wpcf7-form init\" novalidate=\"novalidate\">\n<div style=\"display: none;\">\n<input type=\"hidden\" name=\"_wpcf7\" value=\"4\" \/>\n<input type=\"hidden\" name=\"_wpcf7_version\" value=\"5.2.1\" \/>\n<input type=\"hidden\" name=\"_wpcf7_locale\" value=\"en_GB\" \/>\n<input type=\"hidden\" name=\"_wpcf7_unit_tag\" value=\"wpcf7-f4-o1\" \/>\n<input type=\"hidden\" name=\"_wpcf7_container_post\" value=\"0\" \/>\n<input type=\"hidden\" name=\"_wpcf7_posted_data_hash\" value=\"\" \/>\n<\/div>\n<p><label> Your Name (required)<br \/>\n    <span class=\"wpcf7-form-control-wrap your-name\"><input type=\"text\" name=\"your-name\" value=\"\" size=\"40\" class=\"wpcf7-form-control wpcf7-text wpcf7-validates-as-required\" aria-required=\"true\" aria-invalid=\"false\" \/><\/span> <\/label><\/p>\n<p><label> Your Email (required)<br \/>\n    <span class=\"wpcf7-form-control-wrap your-email\"><input type=\"email\" name=\"your-email\" value=\"\" size=\"40\" class=\"wpcf7-form-control wpcf7-text wpcf7-email wpcf7-validates-as-required wpcf7-validates-as-email\" aria-required=\"true\" aria-invalid=\"false\" \/><\/span> <\/label><\/p>\n<p><label> Subject<br \/>\n    <span class=\"wpcf7-form-control-wrap your-subject\"><input type=\"text\" name=\"your-subject\" value=\"\" size=\"40\" class=\"wpcf7-form-control wpcf7-text\" aria-invalid=\"false\" \/><\/span> <\/label><\/p>\n<p><label> Your Message<br \/>\n    <span class=\"wpcf7-form-control-wrap your-message\"><textarea name=\"your-message\" cols=\"40\" rows=\"10\" class=\"wpcf7-form-control wpcf7-textarea\" aria-invalid=\"false\"><\/textarea><\/span> <\/label><\/p>\n<p><input type=\"submit\" value=\"Send\" class=\"wpcf7-form-control wpcf7-submit\" \/><\/p>\n<div class=\"wpcf7-response-output\" role=\"alert\" aria-hidden=\"true\"><\/div><\/form><\/div>\n<\/div>\n\n\n\n<div class=\"wp-block-column is-layout-flow\" style=\"flex-basis:66.66%\">\n<div class=\"textwidget custom-html-widget\"><link rel=\"stylesheet\" id=\"font-awesome5-css\" href=\"https:\/\/www.rivadanismanlik.com\/wp-content\/plugins\/pagelayer\/css\/givecss.php?give=font-awesome5.min.css&amp;ver=1.2.2\" type=\"text\/css\" media=\"all\">\n<link rel=\"stylesheet\" id=\"font-awesome-css\" href=\"https:\/\/www.rivadanismanlik.com\/wp-content\/themes\/spicepress\/css\/font-awesome\/css\/font-awesome.min.css?ver=5.5\" type=\"text\/css\" media=\"all\">\n<p>\n<i class=\"fas fa-map-marker-alt\"><\/i> Akhan Mah.Bahar Cad.No:5\/C Pamukkale \/ DEN\u0130ZL\u0130\n<\/p>\n<p>\n<i class=\"fas fa-phone-square-alt\"><\/i> 0850 677 74 82(R\u0130VA)\n<\/p>\n\n<p>\n<i class=\"far fa-envelope\"><\/i> info@rivadanismanlik.com\n<\/p><\/div>\n\n\n\n<p><strong>MAP<\/strong><\/p>\n\n\n\n<div style=\"position:relative;overflow:hidden;\"><a href=\"https:\/\/yandex.com.tr\/harita\/org\/riva_danismanlik\/36141316447\/?utm_medium=mapframe&#038;utm_source=maps\" style=\"color:#eee;font-size:12px;position:absolute;top:0px;\">Riva Dan\u0131\u015fmanl\u0131k<\/a><a href=\"https:\/\/yandex.com.tr\/harita\/106021\/pamukkale\/category\/business_consulting\/?utm_medium=mapframe&#038;utm_source=maps\" style=\"color:#eee;font-size:12px;position:absolute;top:14px;\">Pamukkale i\u00e7in \u0130\u015f dan\u0131\u015fmanl\u0131k hizmetleri<\/a><iframe loading=\"lazy\" src=\"https:\/\/yandex.com.tr\/map-widget\/v1\/-\/CCQtBSw-2D\" width=\"560\" height=\"400\" frameborder=\"1\" allowfullscreen=\"true\" style=\"position:relative;\"><\/iframe><\/div>\n<\/div>\n<\/div>\n\n\n","protected":false},"excerpt":{"rendered":"<p>Akhan Mah.Bahar Cad.No:5\/C Pamukkale \/ DEN\u0130ZL\u0130 0850 677 74 82(R\u0130VA) info@rivadanismanlik.com MAP Riva Dan\u0131\u015fmanl\u0131kPamukkale i\u00e7in \u0130\u015f dan\u0131\u015fmanl\u0131k hizmetleri<\/p>\n","protected":false},"author":3,"featured_media":0,"parent":0,"menu_order":0,"comment_status":"closed","ping_status":"closed","template":"","meta":[],"yoast_head":"<!-- This site is optimized with the Yoast SEO plugin v14.8 - https:\/\/yoast.com\/wordpress\/plugins\/seo\/ -->\n<title>Contact Us - RIVA CONSULTANCY<\/title>\n<meta name=\"robots\" content=\"index, follow\" \/>\n<meta name=\"googlebot\" content=\"index, follow, max-snippet:-1, max-image-preview:large, max-video-preview:-1\" \/>\n<meta name=\"bingbot\" content=\"index, follow, max-snippet:-1, max-image-preview:large, max-video-preview:-1\" \/>\n<link rel=\"canonical\" href=\"https:\/\/www.rivadanismanlik.com\/en\/contact\/\" \/>\n<meta property=\"og:locale\" content=\"en_GB\" \/>\n<meta property=\"og:type\" content=\"article\" \/>\n<meta property=\"og:title\" content=\"Contact Us - RIVA CONSULTANCY\" \/>\n<meta property=\"og:description\" content=\"Akhan Mah.Bahar Cad.No:5\/C Pamukkale \/ DEN\u0130ZL\u0130 0850 677 74 82(R\u0130VA) info@rivadanismanlik.com MAP Riva Dan\u0131\u015fmanl\u0131kPamukkale i\u00e7in \u0130\u015f dan\u0131\u015fmanl\u0131k hizmetleri\" \/>\n<meta property=\"og:url\" content=\"https:\/\/www.rivadanismanlik.com\/en\/contact\/\" \/>\n<meta property=\"og:site_name\" content=\"RIVA CONSULTANCY\" \/>\n<meta property=\"article:modified_time\" content=\"2020-08-22T12:29:51+00:00\" \/>\n<meta name=\"twitter:card\" content=\"summary_large_image\" \/>\n<script type=\"application\/ld+json\" class=\"yoast-schema-graph\">{\"@context\":\"https:\/\/schema.org\",\"@graph\":[{\"@type\":\"Organization\",\"@id\":\"https:\/\/www.rivadanismanlik.com\/en\/#organization\",\"name\":\"Riva Consultancy\",\"url\":\"https:\/\/www.rivadanismanlik.com\/en\/\",\"sameAs\":[],\"logo\":{\"@type\":\"ImageObject\",\"@id\":\"https:\/\/www.rivadanismanlik.com\/en\/#logo\",\"inLanguage\":\"en-GB\",\"url\":\"https:\/\/www.rivadanismanlik.com\/en\/wp-content\/uploads\/sites\/3\/2020\/08\/riva_yatay.png\",\"width\":5963,\"height\":2237,\"caption\":\"Riva Consultancy\"},\"image\":{\"@id\":\"https:\/\/www.rivadanismanlik.com\/en\/#logo\"}},{\"@type\":\"WebSite\",\"@id\":\"https:\/\/www.rivadanismanlik.com\/en\/#website\",\"url\":\"https:\/\/www.rivadanismanlik.com\/en\/\",\"name\":\"RIVA CONSULTANCY\",\"description\":\"Increase your Energy with Us !\",\"publisher\":{\"@id\":\"https:\/\/www.rivadanismanlik.com\/en\/#organization\"},\"potentialAction\":[{\"@type\":\"SearchAction\",\"target\":\"https:\/\/www.rivadanismanlik.com\/en\/?s={search_term_string}\",\"query-input\":\"required name=search_term_string\"}],\"inLanguage\":\"en-GB\"},{\"@type\":\"WebPage\",\"@id\":\"https:\/\/www.rivadanismanlik.com\/en\/contact\/#webpage\",\"url\":\"https:\/\/www.rivadanismanlik.com\/en\/contact\/\",\"name\":\"Contact Us - RIVA CONSULTANCY\",\"isPartOf\":{\"@id\":\"https:\/\/www.rivadanismanlik.com\/en\/#website\"},\"datePublished\":\"2020-08-19T10:03:00+00:00\",\"dateModified\":\"2020-08-22T12:29:51+00:00\",\"inLanguage\":\"en-GB\",\"potentialAction\":[{\"@type\":\"ReadAction\",\"target\":[\"https:\/\/www.rivadanismanlik.com\/en\/contact\/\"]}]}]}<\/script>\n<!-- \/ Yoast SEO plugin. -->","_links":{"self":[{"href":"https:\/\/www.rivadanismanlik.com\/en\/wp-json\/wp\/v2\/pages\/14"}],"collection":[{"href":"https:\/\/www.rivadanismanlik.com\/en\/wp-json\/wp\/v2\/pages"}],"about":[{"href":"https:\/\/www.rivadanismanlik.com\/en\/wp-json\/wp\/v2\/types\/page"}],"author":[{"embeddable":true,"href":"https:\/\/www.rivadanismanlik.com\/en\/wp-json\/wp\/v2\/users\/3"}],"replies":[{"embeddable":true,"href":"https:\/\/www.rivadanismanlik.com\/en\/wp-json\/wp\/v2\/comments?post=14"}],"version-history":[{"count":6,"href":"https:\/\/www.rivadanismanlik.com\/en\/wp-json\/wp\/v2\/pages\/14\/revisions"}],"predecessor-version":[{"id":100,"href":"https:\/\/www.rivadanismanlik.com\/en\/wp-json\/wp\/v2\/pages\/14\/revisions\/100"}],"wp:attachment":[{"href":"https:\/\/www.rivadanismanlik.com\/en\/wp-json\/wp\/v2\/media?parent=14"}],"curies":[{"name":"wp","href":"https:\/\/api.w.org\/{rel}","templated":true}]}}